{"id":12899,"date":"2025-12-10T18:27:16","date_gmt":"2025-12-10T21:27:16","guid":{"rendered":"https:\/\/loja.saudefarmadrogarias.com.br\/?post_type=product&#038;p=12899"},"modified":"2025-12-10T18:34:42","modified_gmt":"2025-12-10T21:34:42","slug":"pregabalina-150mg-teuto-generico-30-capsulas-duras","status":"publish","type":"product","link":"https:\/\/loja.saudefarmadrogarias.com.br\/index.php\/produto\/pregabalina-150mg-teuto-generico-30-capsulas-duras\/","title":{"rendered":"Pregabalina 150mg Teuto Gen\u00e9rico 30 C\u00e1psulas Duras"},"content":{"rendered":"<div class=\"rnk-comp-especificacoes\">\n<table class=\"table table-striped\">\n<tbody>\n<tr>\n<th>Princ\u00edpio Ativo<\/th>\n<td><a class=\"rnk-link\" href=\"https:\/\/www.drogariaspacheco.com.br\/medicamentos\/Com%20Pregabalina?PS=48&amp;map=c,specificationFilter_138\" target=\"_blank\" rel=\"noopener\">Com Pregabalina<\/a><\/td>\n<\/tr>\n<tr>\n<th>Forma de Administra\u00e7\u00e3o<\/th>\n<td><a class=\"rnk-link\" href=\"https:\/\/www.drogariaspacheco.com.br\/medicamentos\/Via%20Oral?PS=48&amp;map=c,specificationFilter_141\" target=\"_blank\" rel=\"noopener\">Via Oral<\/a><\/td>\n<\/tr>\n<tr>\n<th>Classifica\u00e7\u00e3o<\/th>\n<td><a class=\"rnk-link\" href=\"https:\/\/www.drogariaspacheco.com.br\/medicamentos\/Tarja%20Vermelha?PS=48&amp;map=c,specificationFilter_142\" target=\"_blank\" rel=\"noopener\">Tarja Vermelha<\/a><\/td>\n<\/tr>\n<tr>\n<th>Doen\u00e7as &amp; Complica\u00e7\u00f5es<\/th>\n<td><a class=\"rnk-link\" href=\"https:\/\/www.drogariaspacheco.com.br\/medicamentos\/Para%20Esquizofrenia?PS=48&amp;map=c,specificationFilter_143\" target=\"_blank\" rel=\"noopener\">Para Esquizofrenia<\/a><\/td>\n<\/tr>\n<tr>\n<th>Partes do Corpo<\/th>\n<td><a class=\"rnk-link\" href=\"https:\/\/www.drogariaspacheco.com.br\/medicamentos\/Para%20Sistema%20Nervoso?PS=48&amp;map=c,specificationFilter_145\" target=\"_blank\" rel=\"noopener\">Para Sistema Nervoso<\/a><\/td>\n<\/tr>\n<tr>\n<th>Classe do Medicamento<\/th>\n<td><a class=\"rnk-link\" href=\"https:\/\/www.drogariaspacheco.com.br\/medicamentos\/Antipsic%C3%B3tico?PS=48&amp;map=c,specificationFilter_146\" target=\"_blank\" rel=\"noopener\">Antipsic\u00f3tico<\/a><\/td>\n<\/tr>\n<tr>\n<th>Prescri\u00e7\u00e3o M\u00e9dica<\/th>\n<td><a class=\"rnk-link\" href=\"https:\/\/www.drogariaspacheco.com.br\/medicamentos\/Com%20Reten%C3%A7%C3%A3o%20De%20Receita?PS=48&amp;map=c,specificationFilter_162\" target=\"_blank\" rel=\"noopener\">Com Reten\u00e7\u00e3o De Receita<\/a><\/td>\n<\/tr>\n<tr>\n<th>Tipo de Medicamento<\/th>\n<td><a class=\"rnk-link\" href=\"https:\/\/www.drogariaspacheco.com.br\/medicamentos\/Gen%C3%A9ricos?PS=48&amp;map=c,specificationFilter_359\" target=\"_blank\" rel=\"noopener\">Gen\u00e9ricos<\/a><\/td>\n<\/tr>\n<tr>\n<th>Apresenta\u00e7\u00e3o<\/th>\n<td><a class=\"rnk-link\" href=\"https:\/\/www.drogariaspacheco.com.br\/medicamentos\/Em%20C%C3%A1psula?PS=48&amp;map=c,specificationFilter_568\" target=\"_blank\" rel=\"noopener\">Em C\u00e1psula<\/a><\/td>\n<\/tr>\n<\/tbody>\n<\/table>\n<\/div>\n<div class=\"rnk-comp-descricao\">\n<h2 class=\"h4\">Descri\u00e7\u00e3o Pregabalina 150mg Gen\u00e9rico Teuto 30 C\u00e1psulas<\/h2>\n<div class=\"productDescription\">Pregabalina 150mg Gen\u00e9rico Teuto 30 C\u00e1psulas<\/div>\n<\/div>\n","protected":false},"excerpt":{"rendered":"<p>Princ\u00edpio Ativo Com Pregabalina Forma de Administra\u00e7\u00e3o Via Oral Classifica\u00e7\u00e3o Tarja Vermelha Doen\u00e7as &amp; Complica\u00e7\u00f5es Para Esquizofrenia Partes do Corpo Para Sistema Nervoso Classe do Medicamento Antipsic\u00f3tico Prescri\u00e7\u00e3o M\u00e9dica Com Reten\u00e7\u00e3o De Receita Tipo de Medicamento Gen\u00e9ricos Apresenta\u00e7\u00e3o Em C\u00e1psula Descri\u00e7\u00e3o Pregabalina 150mg Gen\u00e9rico Teuto 30 C\u00e1psulas Pregabalina 150mg Gen\u00e9rico Teuto 30 C\u00e1psulas<\/p>\n","protected":false},"featured_media":12900,"comment_status":"open","ping_status":"closed","template":"","meta":[],"product_brand":[138],"product_cat":[15,60],"product_tag":[],"class_list":{"0":"post-12899","1":"product","2":"type-product","3":"status-publish","4":"has-post-thumbnail","6":"product_brand-teuto","7":"product_cat-sem-categoria","8":"product_cat-genericos","10":"first","11":"instock","12":"shipping-taxable","13":"purchasable","14":"product-type-simple"},"_links":{"self":[{"href":"https:\/\/loja.saudefarmadrogarias.com.br\/index.php\/wp-json\/wp\/v2\/product\/12899","targetHints":{"allow":["GET"]}}],"collection":[{"href":"https:\/\/loja.saudefarmadrogarias.com.br\/index.php\/wp-json\/wp\/v2\/product"}],"about":[{"href":"https:\/\/loja.saudefarmadrogarias.com.br\/index.php\/wp-json\/wp\/v2\/types\/product"}],"replies":[{"embeddable":true,"href":"https:\/\/loja.saudefarmadrogarias.com.br\/index.php\/wp-json\/wp\/v2\/comments?post=12899"}],"wp:featuredmedia":[{"embeddable":true,"href":"https:\/\/loja.saudefarmadrogarias.com.br\/index.php\/wp-json\/wp\/v2\/media\/12900"}],"wp:attachment":[{"href":"https:\/\/loja.saudefarmadrogarias.com.br\/index.php\/wp-json\/wp\/v2\/media?parent=12899"}],"wp:term":[{"taxonomy":"product_brand","embeddable":true,"href":"https:\/\/loja.saudefarmadrogarias.com.br\/index.php\/wp-json\/wp\/v2\/product_brand?post=12899"},{"taxonomy":"product_cat","embeddable":true,"href":"https:\/\/loja.saudefarmadrogarias.com.br\/index.php\/wp-json\/wp\/v2\/product_cat?post=12899"},{"taxonomy":"product_tag","embeddable":true,"href":"https:\/\/loja.saudefarmadrogarias.com.br\/index.php\/wp-json\/wp\/v2\/product_tag?post=12899"}],"curies":[{"name":"wp","href":"https:\/\/api.w.org\/{rel}","templated":true}]}}