{"id":12894,"date":"2025-12-08T15:29:39","date_gmt":"2025-12-08T18:29:39","guid":{"rendered":"https:\/\/loja.saudefarmadrogarias.com.br\/?post_type=product&#038;p=12894"},"modified":"2025-12-08T16:52:18","modified_gmt":"2025-12-08T19:52:18","slug":"massageol-neo-quimica-pomada-30g","status":"publish","type":"product","link":"https:\/\/loja.saudefarmadrogarias.com.br\/index.php\/produto\/massageol-neo-quimica-pomada-30g\/","title":{"rendered":"Massageol Neo Qu\u00edmica Pomada 30g"},"content":{"rendered":"<p>Com o princ\u00edpio ativo Salicilato de Metila, a Pomada Massageol Neo Qu\u00edmica 30g \u00e9 eficaz no tratamento local de manifesta\u00e7\u00f5es reum\u00e1ticas, lumbago, artrite, bursite, nas dores musculares e nevralgias, torcicolos e contus\u00f5es, causando al\u00edvio imediato. O modo de usar consiste em aplicar pequena quantidade, 1 a 2 vezes ao dia, na regi\u00e3o afetada com fric\u00e7\u00e3o demorada. No entanto, a Pomada Massageol Neo Qu\u00edmica 30g n\u00e3o deve ser aplicada em les\u00f5es nem usada por pacientes com hipersensibilidade a qualquer um dos componentes da f\u00f3rmula.<img fetchpriority=\"high\" decoding=\"async\" class=\"alignnone size-medium wp-image-12895\" src=\"https:\/\/loja.saudefarmadrogarias.com.br\/wp-content\/uploads\/2025\/12\/MASSAGEOL--300x222.jpeg\" alt=\"\" width=\"300\" height=\"222\" srcset=\"https:\/\/loja.saudefarmadrogarias.com.br\/wp-content\/uploads\/2025\/12\/MASSAGEOL--300x222.jpeg 300w, https:\/\/loja.saudefarmadrogarias.com.br\/wp-content\/uploads\/2025\/12\/MASSAGEOL--1024x758.jpeg 1024w, https:\/\/loja.saudefarmadrogarias.com.br\/wp-content\/uploads\/2025\/12\/MASSAGEOL--768x568.jpeg 768w, https:\/\/loja.saudefarmadrogarias.com.br\/wp-content\/uploads\/2025\/12\/MASSAGEOL--1536x1137.jpeg 1536w, https:\/\/loja.saudefarmadrogarias.com.br\/wp-content\/uploads\/2025\/12\/MASSAGEOL--1320x977.jpeg 1320w, https:\/\/loja.saudefarmadrogarias.com.br\/wp-content\/uploads\/2025\/12\/MASSAGEOL--600x444.jpeg 600w, https:\/\/loja.saudefarmadrogarias.com.br\/wp-content\/uploads\/2025\/12\/MASSAGEOL-.jpeg 1600w\" sizes=\"(max-width: 300px) 100vw, 300px\" \/><\/p>\n","protected":false},"excerpt":{"rendered":"<p><a href=\"https:\/\/www.drogariavenancio.com.br\/salicilato%20de%20metila%20+%20canfora%20+%20terebentina?map=ft\">salicilato de metila + canfora + terebentina<\/a><\/p>\n","protected":false},"featured_media":12895,"comment_status":"open","ping_status":"closed","template":"","meta":[],"product_brand":[63],"product_cat":[135],"product_tag":[],"class_list":{"0":"post-12894","1":"product","2":"type-product","3":"status-publish","4":"has-post-thumbnail","6":"product_brand-neo-quimica","7":"product_cat-otc","9":"first","10":"instock","11":"shipping-taxable","12":"purchasable","13":"product-type-simple"},"_links":{"self":[{"href":"https:\/\/loja.saudefarmadrogarias.com.br\/index.php\/wp-json\/wp\/v2\/product\/12894","targetHints":{"allow":["GET"]}}],"collection":[{"href":"https:\/\/loja.saudefarmadrogarias.com.br\/index.php\/wp-json\/wp\/v2\/product"}],"about":[{"href":"https:\/\/loja.saudefarmadrogarias.com.br\/index.php\/wp-json\/wp\/v2\/types\/product"}],"replies":[{"embeddable":true,"href":"https:\/\/loja.saudefarmadrogarias.com.br\/index.php\/wp-json\/wp\/v2\/comments?post=12894"}],"wp:featuredmedia":[{"embeddable":true,"href":"https:\/\/loja.saudefarmadrogarias.com.br\/index.php\/wp-json\/wp\/v2\/media\/12895"}],"wp:attachment":[{"href":"https:\/\/loja.saudefarmadrogarias.com.br\/index.php\/wp-json\/wp\/v2\/media?parent=12894"}],"wp:term":[{"taxonomy":"product_brand","embeddable":true,"href":"https:\/\/loja.saudefarmadrogarias.com.br\/index.php\/wp-json\/wp\/v2\/product_brand?post=12894"},{"taxonomy":"product_cat","embeddable":true,"href":"https:\/\/loja.saudefarmadrogarias.com.br\/index.php\/wp-json\/wp\/v2\/product_cat?post=12894"},{"taxonomy":"product_tag","embeddable":true,"href":"https:\/\/loja.saudefarmadrogarias.com.br\/index.php\/wp-json\/wp\/v2\/product_tag?post=12894"}],"curies":[{"name":"wp","href":"https:\/\/api.w.org\/{rel}","templated":true}]}}