{"id":12892,"date":"2025-12-08T15:20:10","date_gmt":"2025-12-08T18:20:10","guid":{"rendered":"https:\/\/loja.saudefarmadrogarias.com.br\/?post_type=product&#038;p=12892"},"modified":"2025-12-08T16:53:00","modified_gmt":"2025-12-08T19:53:00","slug":"lorasliv-10mg-vitamedic-12-comprimidos","status":"publish","type":"product","link":"https:\/\/loja.saudefarmadrogarias.com.br\/index.php\/produto\/lorasliv-10mg-vitamedic-12-comprimidos\/","title":{"rendered":"Lorasliv 10mg Vitamedic 12 Comprimidos"},"content":{"rendered":"<p>Adultos e crian\u00e7as acima de 12 anos ou com peso corporal acima de 30kg: um comprimido de Lorasliv\u00ae (10mg) uma vez por dia. N\u00e3o administrar mais de 1 comprimido em 24 horas. Seu m\u00e9dico ou farmac\u00eautico ir\u00e1 informar quando voc\u00ea deve parar de tomar este medicamento. Alivia coriza, espirros, rinites.<\/p>\n","protected":false},"excerpt":{"rendered":"<p><a href=\"https:\/\/www.drogariavenancio.com.br\/loratadina?map=ft\">Antial\u00e9rgico Lorasliv 10mg Vitamedic 12 Comprimidos<\/a><\/p>\n","protected":false},"featured_media":12893,"comment_status":"open","ping_status":"closed","template":"","meta":[],"product_brand":[137],"product_cat":[135],"product_tag":[],"class_list":{"0":"post-12892","1":"product","2":"type-product","3":"status-publish","4":"has-post-thumbnail","6":"product_brand-vitamedic","7":"product_cat-otc","9":"first","10":"instock","11":"shipping-taxable","12":"purchasable","13":"product-type-simple"},"_links":{"self":[{"href":"https:\/\/loja.saudefarmadrogarias.com.br\/index.php\/wp-json\/wp\/v2\/product\/12892","targetHints":{"allow":["GET"]}}],"collection":[{"href":"https:\/\/loja.saudefarmadrogarias.com.br\/index.php\/wp-json\/wp\/v2\/product"}],"about":[{"href":"https:\/\/loja.saudefarmadrogarias.com.br\/index.php\/wp-json\/wp\/v2\/types\/product"}],"replies":[{"embeddable":true,"href":"https:\/\/loja.saudefarmadrogarias.com.br\/index.php\/wp-json\/wp\/v2\/comments?post=12892"}],"wp:featuredmedia":[{"embeddable":true,"href":"https:\/\/loja.saudefarmadrogarias.com.br\/index.php\/wp-json\/wp\/v2\/media\/12893"}],"wp:attachment":[{"href":"https:\/\/loja.saudefarmadrogarias.com.br\/index.php\/wp-json\/wp\/v2\/media?parent=12892"}],"wp:term":[{"taxonomy":"product_brand","embeddable":true,"href":"https:\/\/loja.saudefarmadrogarias.com.br\/index.php\/wp-json\/wp\/v2\/product_brand?post=12892"},{"taxonomy":"product_cat","embeddable":true,"href":"https:\/\/loja.saudefarmadrogarias.com.br\/index.php\/wp-json\/wp\/v2\/product_cat?post=12892"},{"taxonomy":"product_tag","embeddable":true,"href":"https:\/\/loja.saudefarmadrogarias.com.br\/index.php\/wp-json\/wp\/v2\/product_tag?post=12892"}],"curies":[{"name":"wp","href":"https:\/\/api.w.org\/{rel}","templated":true}]}}