{"id":12869,"date":"2025-12-04T15:37:23","date_gmt":"2025-12-04T18:37:23","guid":{"rendered":"https:\/\/loja.saudefarmadrogarias.com.br\/?post_type=product&#038;p=12869"},"modified":"2025-12-09T09:08:04","modified_gmt":"2025-12-09T12:08:04","slug":"simeticona-125mg-10-capsulas-teuto-generico","status":"publish","type":"product","link":"https:\/\/loja.saudefarmadrogarias.com.br\/index.php\/produto\/simeticona-125mg-10-capsulas-teuto-generico\/","title":{"rendered":"Simeticona 125mg 10 c\u00e1psulas TEUTO Gen\u00e9rico"},"content":{"rendered":"<h2 class=\"sc-d8a8b41-3 iBVavT\">Descri\u00e7\u00e3o do produto<\/h2>\n<div data-testid=\"parser-script\">\n<h2>Para que serve a Simeticona?<\/h2>\n<p>A simeticona \u00e9 indicada para pacientes com excesso de gases no aparelho digestivo. O ac\u00famulo de gases no est\u00f4mago e no intestino chama-se flatul\u00eancia, que causa desconforto abdominal, aumento do volume abdominal, dor ou c\u00f3licas no abd\u00f4men. A elimina\u00e7\u00e3o dos gases alivia estes sintomas. A simeticona tamb\u00e9m pode ser usada como medica\u00e7\u00e3o auxiliar no preparo dos pacientes em exames m\u00e9dicos, tais como endoscopia digestiva (exame do interior do es\u00f4fago, est\u00f4mago e intestino) e\/ou colonoscopia (exame do interior do intestino grosso).<\/p>\n<h2>Como usar a Simeticona?<\/h2>\n<p>USO ORAL<\/p>\n<p>USO ADULTO<\/p>\n<p>N\u00e3o h\u00e1 estudos dos efeitos de Simeticona administrada por vias n\u00e3o recomendadas.<\/p>\n<p>Portanto, por seguran\u00e7a e para efic\u00e1cia desta apresenta\u00e7\u00e3o, a administra\u00e7\u00e3o deve ser somente pela via oral.<\/p>\n<p>Voc\u00ea pode usar Simeticona 125 mg 4 vezes ao dia, ap\u00f3s as refei\u00e7\u00f5es e ao se deitar, ou quando recomendado pelo seu m\u00e9dico.<\/p>\n<p>Voc\u00ea n\u00e3o deve ingerir mais de 500 mg (4 c\u00e1psulas) de Simeticona por dia. Ao utilizar Simeticona, voc\u00ea deve engolir a c\u00e1psula, e n\u00e3o a mastigar.<\/p>\n<p>As c\u00e1psulas gelatinosas s\u00e3o moles e f\u00e1ceis de engolir.<\/p>\n<p><strong>Siga corretamente o modo de usar. Em caso de d\u00favidas sobre este medicamento, procure orienta\u00e7\u00e3o do farmac\u00eautico. N\u00e3o desaparecendo os sintomas, procure orienta\u00e7\u00e3o de seu m\u00e9dico ou cirurgi\u00e3o-dentista.<\/strong><\/p>\n<h2>Quando n\u00e3o devo usar a Simeticona?<\/h2>\n<p>Voc\u00ea n\u00e3o deve utilizar este medicamento se tiver alergia ou sensibilidade a qualquer um dos componentes da f\u00f3rmula.<\/p>\n<p>N\u00e3o use este medicamento se voc\u00ea apresentar algum dos seguintes sintomas:<\/p>\n<ul>\n<li>Distens\u00e3o abdominal grave (grande aumento do volume abdominal);<\/li>\n<li>C\u00f3lica grave (dor na barriga de forte intensidade);<\/li>\n<li>Dor persistente (mais que 36 horas);<\/li>\n<li>Massa palp\u00e1vel na regi\u00e3o do abd\u00f4men;<\/li>\n<li>Suspeita de perfura\u00e7\u00e3o ou obstru\u00e7\u00e3o intestinal.<\/li>\n<\/ul>\n<p>N\u00e3o h\u00e1 contraindica\u00e7\u00e3o relativa a faixas et\u00e1rias.<\/p>\n<\/div>\n","protected":false},"excerpt":{"rendered":"<ul>\n<li>Auxilia na elimina\u00e7\u00e3o de gases digestivos.<\/li>\n<li>Alivia desconforto e dor abdominal.<\/li>\n<li>\u00datil no preparo para exames digestivos.<\/li>\n<li>C\u00e1psulas gelatinosas f\u00e1ceis de engolir.<\/li>\n<\/ul>\n","protected":false},"featured_media":12888,"comment_status":"open","ping_status":"closed","template":"","meta":[],"product_brand":[],"product_cat":[135],"product_tag":[],"class_list":{"0":"post-12869","1":"product","2":"type-product","3":"status-publish","4":"has-post-thumbnail","6":"product_cat-otc","8":"first","9":"instock","10":"shipping-taxable","11":"purchasable","12":"product-type-simple"},"_links":{"self":[{"href":"https:\/\/loja.saudefarmadrogarias.com.br\/index.php\/wp-json\/wp\/v2\/product\/12869","targetHints":{"allow":["GET"]}}],"collection":[{"href":"https:\/\/loja.saudefarmadrogarias.com.br\/index.php\/wp-json\/wp\/v2\/product"}],"about":[{"href":"https:\/\/loja.saudefarmadrogarias.com.br\/index.php\/wp-json\/wp\/v2\/types\/product"}],"replies":[{"embeddable":true,"href":"https:\/\/loja.saudefarmadrogarias.com.br\/index.php\/wp-json\/wp\/v2\/comments?post=12869"}],"wp:featuredmedia":[{"embeddable":true,"href":"https:\/\/loja.saudefarmadrogarias.com.br\/index.php\/wp-json\/wp\/v2\/media\/12888"}],"wp:attachment":[{"href":"https:\/\/loja.saudefarmadrogarias.com.br\/index.php\/wp-json\/wp\/v2\/media?parent=12869"}],"wp:term":[{"taxonomy":"product_brand","embeddable":true,"href":"https:\/\/loja.saudefarmadrogarias.com.br\/index.php\/wp-json\/wp\/v2\/product_brand?post=12869"},{"taxonomy":"product_cat","embeddable":true,"href":"https:\/\/loja.saudefarmadrogarias.com.br\/index.php\/wp-json\/wp\/v2\/product_cat?post=12869"},{"taxonomy":"product_tag","embeddable":true,"href":"https:\/\/loja.saudefarmadrogarias.com.br\/index.php\/wp-json\/wp\/v2\/product_tag?post=12869"}],"curies":[{"name":"wp","href":"https:\/\/api.w.org\/{rel}","templated":true}]}}