{"id":12868,"date":"2025-12-04T15:31:31","date_gmt":"2025-12-04T18:31:31","guid":{"rendered":"https:\/\/loja.saudefarmadrogarias.com.br\/?post_type=product&#038;p=12868"},"modified":"2025-12-09T09:08:04","modified_gmt":"2025-12-09T12:08:04","slug":"vitamina-d3-50-000ui-neo-quimica-4-capsulas","status":"publish","type":"product","link":"https:\/\/loja.saudefarmadrogarias.com.br\/index.php\/produto\/vitamina-d3-50-000ui-neo-quimica-4-capsulas\/","title":{"rendered":"Vitamina D3 50.000UI Neo Qu\u00edmica 4 c\u00e1psulas"},"content":{"rendered":"<div class=\"rnk-comp-especificacoes\">\n<table class=\"table table-striped\">\n<tbody>\n<tr>\n<th>Princ\u00edpio Ativo<\/th>\n<td><a class=\"rnk-link\" href=\"https:\/\/www.drogariaspacheco.com.br\/medicamentos\/Com%20Vitamina%20D3?PS=48&amp;map=c,specificationFilter_138\" target=\"_blank\" rel=\"noopener\">Com Vitamina D3<\/a><\/td>\n<\/tr>\n<tr>\n<th>Forma de Administra\u00e7\u00e3o<\/th>\n<td><a class=\"rnk-link\" href=\"https:\/\/www.drogariaspacheco.com.br\/medicamentos\/Via%20Oral?PS=48&amp;map=c,specificationFilter_141\" target=\"_blank\" rel=\"noopener\">Via Oral<\/a><\/td>\n<\/tr>\n<tr>\n<th>Classifica\u00e7\u00e3o<\/th>\n<td><a class=\"rnk-link\" href=\"https:\/\/www.drogariaspacheco.com.br\/medicamentos\/Tarja%20Vermelha?PS=48&amp;map=c,specificationFilter_142\" target=\"_blank\" rel=\"noopener\">Tarja Vermelha<\/a><\/td>\n<\/tr>\n<tr>\n<th>Doen\u00e7as &amp; Complica\u00e7\u00f5es<\/th>\n<td><a class=\"rnk-link\" href=\"https:\/\/www.drogariaspacheco.com.br\/medicamentos\/Para%20Raquitismo?PS=48&amp;map=c,specificationFilter_143\" target=\"_blank\" rel=\"noopener\">Para Raquitismo<\/a>,\u00a0<a class=\"rnk-link\" href=\"https:\/\/www.drogariaspacheco.com.br\/medicamentos\/Para%20Osteoporose?PS=48&amp;map=c,specificationFilter_143\" target=\"_blank\" rel=\"noopener\">Para Osteoporose<\/a><\/td>\n<\/tr>\n<tr>\n<th>Partes do Corpo<\/th>\n<td><a class=\"rnk-link\" href=\"https:\/\/www.drogariaspacheco.com.br\/medicamentos\/Para%20Os%20Ossos?PS=48&amp;map=c,specificationFilter_145\" target=\"_blank\" rel=\"noopener\">Para Os Ossos<\/a><\/td>\n<\/tr>\n<tr>\n<th>Classe do Medicamento<\/th>\n<td><a class=\"rnk-link\" href=\"https:\/\/www.drogariaspacheco.com.br\/medicamentos\/Inibidores%20de%20Reabsor%C3%A7%C3%A3o%20%C3%93ssea?PS=48&amp;map=c,specificationFilter_146\" target=\"_blank\" rel=\"noopener\">Inibidores de Reabsor\u00e7\u00e3o \u00d3ssea<\/a><\/td>\n<\/tr>\n<tr>\n<th>Prescri\u00e7\u00e3o M\u00e9dica<\/th>\n<td><a class=\"rnk-link\" href=\"https:\/\/www.drogariaspacheco.com.br\/medicamentos\/Sem%20Reten%C3%A7%C3%A3o%20De%20Receita?PS=48&amp;map=c,specificationFilter_162\" target=\"_blank\" rel=\"noopener\">Sem Reten\u00e7\u00e3o De Receita<\/a><\/td>\n<\/tr>\n<tr>\n<th>Tipo de Medicamento<\/th>\n<td><a class=\"rnk-link\" href=\"https:\/\/www.drogariaspacheco.com.br\/medicamentos\/De%20Outros%20Tipos?PS=48&amp;map=c,specificationFilter_359\" target=\"_blank\" rel=\"noopener\">De Outros Tipos<\/a><\/td>\n<\/tr>\n<tr>\n<th>Apresenta\u00e7\u00e3o<\/th>\n<td><a class=\"rnk-link\" href=\"https:\/\/www.drogariaspacheco.com.br\/medicamentos\/Em%20C%C3%A1psula?PS=48&amp;map=c,specificationFilter_568\" target=\"_blank\" rel=\"noopener\">Em C\u00e1psula<\/a><\/td>\n<\/tr>\n<\/tbody>\n<\/table>\n<\/div>\n<div class=\"rnk-comp-descricao\">\n<h2 class=\"h4\">Descri\u00e7\u00e3o Vitamina D3 50.000UI Neo Qu\u00edmica 4 C\u00e1psulas<\/h2>\n<div class=\"productDescription\">Vitamina D3 50.000 Ui Neo Qu\u00edmica 4 C\u00e1psulas<\/div>\n<\/div>\n","protected":false},"excerpt":{"rendered":"<p>Fortale\u00e7a a sa\u00fade \u00f3ssea com Vitamina D3 50.000 Ui Neo Qu\u00edmica. Embalagem com 4 c\u00e1psulas para reposi\u00e7\u00e3o vitam\u00ednica eficaz.<\/p>\n","protected":false},"featured_media":12888,"comment_status":"open","ping_status":"closed","template":"","meta":[],"product_brand":[63],"product_cat":[15],"product_tag":[],"class_list":{"0":"post-12868","1":"product","2":"type-product","3":"status-publish","4":"has-post-thumbnail","6":"product_brand-neo-quimica","7":"product_cat-sem-categoria","9":"first","10":"instock","11":"shipping-taxable","12":"purchasable","13":"product-type-simple"},"_links":{"self":[{"href":"https:\/\/loja.saudefarmadrogarias.com.br\/index.php\/wp-json\/wp\/v2\/product\/12868","targetHints":{"allow":["GET"]}}],"collection":[{"href":"https:\/\/loja.saudefarmadrogarias.com.br\/index.php\/wp-json\/wp\/v2\/product"}],"about":[{"href":"https:\/\/loja.saudefarmadrogarias.com.br\/index.php\/wp-json\/wp\/v2\/types\/product"}],"replies":[{"embeddable":true,"href":"https:\/\/loja.saudefarmadrogarias.com.br\/index.php\/wp-json\/wp\/v2\/comments?post=12868"}],"wp:featuredmedia":[{"embeddable":true,"href":"https:\/\/loja.saudefarmadrogarias.com.br\/index.php\/wp-json\/wp\/v2\/media\/12888"}],"wp:attachment":[{"href":"https:\/\/loja.saudefarmadrogarias.com.br\/index.php\/wp-json\/wp\/v2\/media?parent=12868"}],"wp:term":[{"taxonomy":"product_brand","embeddable":true,"href":"https:\/\/loja.saudefarmadrogarias.com.br\/index.php\/wp-json\/wp\/v2\/product_brand?post=12868"},{"taxonomy":"product_cat","embeddable":true,"href":"https:\/\/loja.saudefarmadrogarias.com.br\/index.php\/wp-json\/wp\/v2\/product_cat?post=12868"},{"taxonomy":"product_tag","embeddable":true,"href":"https:\/\/loja.saudefarmadrogarias.com.br\/index.php\/wp-json\/wp\/v2\/product_tag?post=12868"}],"curies":[{"name":"wp","href":"https:\/\/api.w.org\/{rel}","templated":true}]}}