{"id":12867,"date":"2025-12-04T15:25:10","date_gmt":"2025-12-04T18:25:10","guid":{"rendered":"https:\/\/loja.saudefarmadrogarias.com.br\/?post_type=product&#038;p=12867"},"modified":"2025-12-09T09:08:04","modified_gmt":"2025-12-09T12:08:04","slug":"torsilax-cafeina-30mg-carisoprodol-125mg-diclofenaco-sodico-50mg-paracetamol-300mg-12-comprimidos","status":"publish","type":"product","link":"https:\/\/loja.saudefarmadrogarias.com.br\/index.php\/produto\/torsilax-cafeina-30mg-carisoprodol-125mg-diclofenaco-sodico-50mg-paracetamol-300mg-12-comprimidos\/","title":{"rendered":"Torsilax Cafe\u00edna 30mg + Carisoprodol 125mg + Diclofenaco S\u00f3dico 50mg + Paracetamol 300mg 12 Comprimidos"},"content":{"rendered":"<h2 class=\"h4\">Descri\u00e7\u00e3o Torsilax Cafe\u00edna 30mg + Carisoprodol 125mg + Diclofenaco S\u00f3dico 50mg + Paracetamol 300mg 12 Comprimidos<\/h2>\n<div class=\"productDescription\">Torsilax Neo Qu\u00edmica 12 Comprimidos apresenta uma composi\u00e7\u00e3o relaxante muscular, anti-inflamat\u00f3ria e analg\u00e9sica (a\u00e7\u00e3o contra a dor), indicada no tratamento do reumatismo, o qual em geral, est\u00e1 associado a queixas como a dor e sinais inflamat\u00f3rios como incha\u00e7o, calor local e eventual limita\u00e7\u00e3o de mobilidade. TORSILAX\u00ae por ter em sua composi\u00e7\u00e3o uma associa\u00e7\u00e3o de medicamentos ir\u00e1 agir da seguinte forma: o carisoprodol \u00e9 um relaxante muscular, que reduz indiretamente a tens\u00e3o da musculatura esquel\u00e9tica em seres humanos.<\/div>\n","protected":false},"excerpt":{"rendered":"<p>Torsilax Neo Qu\u00edmica 12 Comprimidos: efic\u00e1cia no combate \u00e0 dor e inflama\u00e7\u00e3o.<\/p>\n","protected":false},"featured_media":12889,"comment_status":"open","ping_status":"closed","template":"","meta":[],"product_brand":[63],"product_cat":[15],"product_tag":[],"class_list":{"0":"post-12867","1":"product","2":"type-product","3":"status-publish","4":"has-post-thumbnail","6":"product_brand-neo-quimica","7":"product_cat-sem-categoria","9":"first","10":"instock","11":"shipping-taxable","12":"purchasable","13":"product-type-simple"},"_links":{"self":[{"href":"https:\/\/loja.saudefarmadrogarias.com.br\/index.php\/wp-json\/wp\/v2\/product\/12867","targetHints":{"allow":["GET"]}}],"collection":[{"href":"https:\/\/loja.saudefarmadrogarias.com.br\/index.php\/wp-json\/wp\/v2\/product"}],"about":[{"href":"https:\/\/loja.saudefarmadrogarias.com.br\/index.php\/wp-json\/wp\/v2\/types\/product"}],"replies":[{"embeddable":true,"href":"https:\/\/loja.saudefarmadrogarias.com.br\/index.php\/wp-json\/wp\/v2\/comments?post=12867"}],"wp:featuredmedia":[{"embeddable":true,"href":"https:\/\/loja.saudefarmadrogarias.com.br\/index.php\/wp-json\/wp\/v2\/media\/12889"}],"wp:attachment":[{"href":"https:\/\/loja.saudefarmadrogarias.com.br\/index.php\/wp-json\/wp\/v2\/media?parent=12867"}],"wp:term":[{"taxonomy":"product_brand","embeddable":true,"href":"https:\/\/loja.saudefarmadrogarias.com.br\/index.php\/wp-json\/wp\/v2\/product_brand?post=12867"},{"taxonomy":"product_cat","embeddable":true,"href":"https:\/\/loja.saudefarmadrogarias.com.br\/index.php\/wp-json\/wp\/v2\/product_cat?post=12867"},{"taxonomy":"product_tag","embeddable":true,"href":"https:\/\/loja.saudefarmadrogarias.com.br\/index.php\/wp-json\/wp\/v2\/product_tag?post=12867"}],"curies":[{"name":"wp","href":"https:\/\/api.w.org\/{rel}","templated":true}]}}