{"id":12835,"date":"2025-11-28T15:58:04","date_gmt":"2025-11-28T18:58:04","guid":{"rendered":"https:\/\/loja.saudefarmadrogarias.com.br\/?post_type=product&#038;p=12835"},"modified":"2025-12-15T14:22:56","modified_gmt":"2025-12-15T17:22:56","slug":"cloridrato-de-ciprofloxacino-500mg-generico-ache-14-comprimidos","status":"publish","type":"product","link":"https:\/\/loja.saudefarmadrogarias.com.br\/index.php\/produto\/cloridrato-de-ciprofloxacino-500mg-generico-ache-14-comprimidos\/","title":{"rendered":"Cloridrato de Ciprofloxacino 500mg Gen\u00e9rico Ach\u00e9 14 Comprimidos"},"content":{"rendered":"<p>Do trato respirat\u00f3rio: muitos dos microrganismos, por exemplo,\u00a0Klebsiella,\u00a0Enterobacter,\u00a0Proteus,\u00a0E. coli,\u00a0Pseudomonas,\u00a0Haemophilus,\u00a0Moraxella,\u00a0Legionella\u00a0e\u00a0Staphylococcus\u00a0reagem com muita sensibilidade ao cloridrato de ciprofloxacino. A maioria dos casos de pneumonia que n\u00e3o necessitam de tratamento hospitalar \u00e9 causada por\u00a0Streptococcus pneumoniae. Nesses casos, cloridrato de ciprofloxacino n\u00e3o \u00e9 o medicamento de primeira escolha<\/p>\n","protected":false},"excerpt":{"rendered":"<p>Cure infec\u00e7\u00f5es com Cloridrato de Ciprofloxacino 500mg gen\u00e9rico Ach\u00e9.<\/p>\n","protected":false},"featured_media":12889,"comment_status":"open","ping_status":"closed","template":"","meta":[],"product_brand":[28],"product_cat":[39],"product_tag":[],"class_list":{"0":"post-12835","1":"product","2":"type-product","3":"status-publish","4":"has-post-thumbnail","6":"product_brand-ache","7":"product_cat-antibioticos","9":"first","10":"onbackorder","11":"shipping-taxable","12":"purchasable","13":"product-type-simple"},"_links":{"self":[{"href":"https:\/\/loja.saudefarmadrogarias.com.br\/index.php\/wp-json\/wp\/v2\/product\/12835","targetHints":{"allow":["GET"]}}],"collection":[{"href":"https:\/\/loja.saudefarmadrogarias.com.br\/index.php\/wp-json\/wp\/v2\/product"}],"about":[{"href":"https:\/\/loja.saudefarmadrogarias.com.br\/index.php\/wp-json\/wp\/v2\/types\/product"}],"replies":[{"embeddable":true,"href":"https:\/\/loja.saudefarmadrogarias.com.br\/index.php\/wp-json\/wp\/v2\/comments?post=12835"}],"wp:featuredmedia":[{"embeddable":true,"href":"https:\/\/loja.saudefarmadrogarias.com.br\/index.php\/wp-json\/wp\/v2\/media\/12889"}],"wp:attachment":[{"href":"https:\/\/loja.saudefarmadrogarias.com.br\/index.php\/wp-json\/wp\/v2\/media?parent=12835"}],"wp:term":[{"taxonomy":"product_brand","embeddable":true,"href":"https:\/\/loja.saudefarmadrogarias.com.br\/index.php\/wp-json\/wp\/v2\/product_brand?post=12835"},{"taxonomy":"product_cat","embeddable":true,"href":"https:\/\/loja.saudefarmadrogarias.com.br\/index.php\/wp-json\/wp\/v2\/product_cat?post=12835"},{"taxonomy":"product_tag","embeddable":true,"href":"https:\/\/loja.saudefarmadrogarias.com.br\/index.php\/wp-json\/wp\/v2\/product_tag?post=12835"}],"curies":[{"name":"wp","href":"https:\/\/api.w.org\/{rel}","templated":true}]}}